{"id":18,"date":"2021-06-07T15:22:12","date_gmt":"2021-06-07T15:22:12","guid":{"rendered":"https:\/\/benitezt.com\/?page_id=18"},"modified":"2021-09-07T10:21:23","modified_gmt":"2021-09-07T10:21:23","slug":"inicio","status":"publish","type":"page","link":"https:\/\/benitezt.com\/","title":{"rendered":"Inicio"},"content":{"rendered":"<section class=\"l-section wpb_row us_custom_afe30f9e height_medium width_full with_video\" id=\"inicio\"><div class=\"l-section-video\"><video muted loop autoplay playsinline preload=\"auto\"><source type=\"video\/mp4\" src=\"https:\/\/benitezt.com\/wp-content\/uploads\/2021\/06\/pexels-karolina-grabowska-8135672-convert-video-online.com_.mp4\" \/><\/video><\/div><div class=\"l-section-h i-cf\"><div class=\"g-cols vc_row via_flex valign_top type_default stacking_default\"><div class=\"vc_col-sm-12 wpb_column vc_column_container\"><div class=\"vc_column-inner\"><div class=\"wpb_wrapper\"><div class=\"w-separator size_medium\"><\/div><div class=\"w-separator size_medium\"><\/div><div class=\"wpb_text_column us_custom_827e8e60 has_text_color\"><div class=\"wpb_wrapper\"><p style=\"text-align: center;\"><span style=\"font-size: 24pt;\">BENITEZ &amp; THORBJORNSEN, S.L.<\/span><br \/>\n<span style=\"font-size: 24pt;\">ASESOR\u00cdA FISCAL Y CONTABLE<\/span><\/p>\n<p style=\"text-align: center;\"><span style=\"font-size: 24pt;\">\u00abTenemos el mejor clima para su negocio\u00bb<\/span><\/p>\n<\/div><\/div><div class=\"w-separator size_medium\"><\/div><div class=\"w-separator size_medium\"><\/div><div class=\"w-separator us_custom_1a6d929b size_medium\"><\/div><\/div><\/div><\/div><\/div><\/div><\/section><section class=\"l-section wpb_row us_custom_ffe644ef has_text_color height_medium\" id=\"servicios\"><div class=\"l-section-h i-cf\"><div class=\"g-cols vc_row via_flex valign_top type_default stacking_default\"><div class=\"vc_col-sm-12 wpb_column vc_column_container\"><div class=\"vc_column-inner\"><div class=\"wpb_wrapper\"><div class=\"wpb_text_column\"><div class=\"wpb_wrapper\"><p style=\"text-align: center;\"><strong><span style=\"font-size: 36pt;\">Nuestros servicios:<\/span><\/strong><\/p>\n<\/div><\/div><\/div><\/div><\/div><\/div><\/div><\/section><section class=\"l-section wpb_row us_custom_552b4356 height_medium\"><div class=\"l-section-h i-cf\"><div class=\"g-cols vc_row via_flex valign_top type_default stacking_default\"><div class=\"vc_col-sm-6 wpb_column vc_column_container has_bg_color\"><div class=\"vc_column-inner us_custom_1f4e0195\"><div class=\"wpb_wrapper\"><div class=\"wpb_text_column us_custom_6df4bc3a has_text_color\"><div class=\"wpb_wrapper\"><p><strong><span style=\"font-size: 14pt;\">Asesor\u00eda Fiscal<\/span><\/strong><\/p>\n<p><strong><span style=\"font-size: 14pt;\">Contabilidad de sociedades y aut\u00f3nomos<\/span><\/strong><\/p>\n<p><strong><span style=\"font-size: 14pt;\">Recursos y reclamaciones econ\u00f3mico administrativa<\/span><\/strong><\/p>\n<p><strong><span style=\"font-size: 14pt;\">Inspecciones fiscales<br \/>\n<\/span><\/strong><\/p>\n<\/div><\/div><\/div><\/div><\/div><div class=\"vc_col-sm-6 wpb_column vc_column_container has_text_color has_bg_color\"><div class=\"vc_column-inner us_custom_9a024ca0\"><div class=\"wpb_wrapper\"><div class=\"wpb_text_column\"><div class=\"wpb_wrapper\"><p><strong><span style=\"font-size: 14pt;\">Herencias y liquidaci\u00f3n ante JExt de las mismas<\/span><\/strong><\/p>\n<p><strong><span style=\"font-size: 14pt;\">Asesor\u00eda Mercantil<\/span><\/strong><\/p>\n<p><strong><span style=\"font-size: 14pt;\">Concurso de Acreedores y Auditor\u00edas<\/span><\/strong><\/p>\n<p><strong><span style=\"font-size: 14pt;\">Subvenciones de todo tipo<\/span><\/strong><\/p>\n<p><strong><span style=\"font-size: 14pt;\">Implantaci\u00f3n de normas de calidad y auditorias anuales de las mismas<\/span><\/strong><\/p>\n<\/div><\/div><\/div><\/div><\/div><\/div><\/div><\/section><section class=\"l-section wpb_row us_custom_3f687337 has_text_color height_medium\"><div class=\"l-section-h i-cf\"><div class=\"g-cols vc_row via_flex valign_top type_default stacking_default\"><div class=\"vc_col-sm-12 wpb_column vc_column_container\"><div class=\"vc_column-inner\"><div class=\"wpb_wrapper\"><div class=\"wpb_text_column\"><div class=\"wpb_wrapper\"><p style=\"text-align: center;\"><span style=\"font-size: 18pt;\">\u00abNos entregamos al m\u00e1ximo con nuestros clientes\u00bb<\/span><\/p>\n<\/div><\/div><\/div><\/div><\/div><\/div><\/div><\/section><section class=\"l-section wpb_row us_custom_7a1f4908 has_text_color height_medium\" id=\"quienes-somos\"><div class=\"l-section-h i-cf\"><div class=\"g-cols vc_row via_flex valign_top type_default stacking_default\"><div class=\"vc_col-sm-12 wpb_column vc_column_container\"><div class=\"vc_column-inner\"><div class=\"wpb_wrapper\"><div class=\"wpb_text_column us_custom_1a0cfa9e\"><div class=\"wpb_wrapper\"><h1 class=\"vc_custom_heading\" style=\"text-align: center;\"><span style=\"font-size: 18pt;\">QUI\u00c9NES SOMOS<\/span><\/h1>\n<p style=\"text-align: center;\"><span style=\"font-size: 18pt;\">\u00abEsta es nuestra mejor garant\u00eda\u00bb<\/span><\/p>\n<\/div><\/div><\/div><\/div><\/div><\/div><\/div><\/section><section class=\"l-section wpb_row us_custom_2029a167 height_medium\"><div class=\"l-section-h i-cf\"><div class=\"g-cols vc_row via_flex valign_top type_default stacking_default\"><div class=\"vc_col-sm-12 wpb_column vc_column_container\"><div class=\"vc_column-inner\"><div class=\"wpb_wrapper\"><div class=\"w-hwrapper align_center valign_middle\"><div class=\"w-person layout_trendy\" itemscope itemtype=\"https:\/\/schema.org\/Person\"><div class=\"w-person-image\"><img decoding=\"async\" width=\"300\" height=\"300\" src=\"https:\/\/benitezt.com\/wp-content\/uploads\/2021\/06\/JORGE1-300x300.jpg\" class=\"attachment-medium size-medium\" alt=\"\" srcset=\"https:\/\/benitezt.com\/wp-content\/uploads\/2021\/06\/JORGE1-300x300.jpg 300w, https:\/\/benitezt.com\/wp-content\/uploads\/2021\/06\/JORGE1-1024x1024.jpg 1024w, https:\/\/benitezt.com\/wp-content\/uploads\/2021\/06\/JORGE1-150x150.jpg 150w, https:\/\/benitezt.com\/wp-content\/uploads\/2021\/06\/JORGE1-200x200.jpg 200w, https:\/\/benitezt.com\/wp-content\/uploads\/2021\/06\/JORGE1-400x400.jpg 400w, https:\/\/benitezt.com\/wp-content\/uploads\/2021\/06\/JORGE1-500x500.jpg 500w, https:\/\/benitezt.com\/wp-content\/uploads\/2021\/06\/JORGE1-600x600.jpg 600w, https:\/\/benitezt.com\/wp-content\/uploads\/2021\/06\/JORGE1-800x800.jpg 800w, https:\/\/benitezt.com\/wp-content\/uploads\/2021\/06\/JORGE1-350x350.jpg 350w, https:\/\/benitezt.com\/wp-content\/uploads\/2021\/06\/JORGE1.jpg 1952w\" sizes=\"(max-width: 300px) 100vw, 300px\" \/><\/div><div class=\"w-person-content\"><h4 itemprop=\"name\" class=\"w-person-name\"><span>Jorge Juan Ben\u00edtez Cabrera<\/span><\/h4><div class=\"w-person-role\" itemprop=\"jobTitle\">Fundador<\/div><\/div><\/div><div class=\"w-person layout_trendy\" itemscope itemtype=\"https:\/\/schema.org\/Person\"><div class=\"w-person-image\"><img decoding=\"async\" width=\"300\" height=\"300\" src=\"https:\/\/benitezt.com\/wp-content\/uploads\/2021\/06\/HEIDI-300x300.jpeg\" class=\"attachment-medium size-medium\" alt=\"\" srcset=\"https:\/\/benitezt.com\/wp-content\/uploads\/2021\/06\/HEIDI-300x300.jpeg 300w, https:\/\/benitezt.com\/wp-content\/uploads\/2021\/06\/HEIDI-150x150.jpeg 150w, https:\/\/benitezt.com\/wp-content\/uploads\/2021\/06\/HEIDI-200x200.jpeg 200w, https:\/\/benitezt.com\/wp-content\/uploads\/2021\/06\/HEIDI-400x400.jpeg 400w, https:\/\/benitezt.com\/wp-content\/uploads\/2021\/06\/HEIDI-500x500.jpeg 500w, https:\/\/benitezt.com\/wp-content\/uploads\/2021\/06\/HEIDI-600x600.jpeg 600w, https:\/\/benitezt.com\/wp-content\/uploads\/2021\/06\/HEIDI-350x350.jpeg 350w, https:\/\/benitezt.com\/wp-content\/uploads\/2021\/06\/HEIDI.jpeg 646w\" sizes=\"(max-width: 300px) 100vw, 300px\" \/><\/div><div class=\"w-person-content\"><h4 itemprop=\"name\" class=\"w-person-name\"><span>Heidi Ana Ben\u00edtez Thorbj\u00f8rnsen<\/span><\/h4><div class=\"w-person-role\" itemprop=\"jobTitle\">Directora<\/div><\/div><\/div><\/div><div class=\"w-separator size_small\"><\/div><div class=\"w-hwrapper align_center valign_middle\"><div class=\"w-person layout_trendy\" itemscope itemtype=\"https:\/\/schema.org\/Person\"><div class=\"w-person-image\"><img decoding=\"async\" width=\"300\" height=\"300\" src=\"https:\/\/benitezt.com\/wp-content\/uploads\/2021\/06\/Foto-Web-Rosy--300x300.jpg\" class=\"attachment-medium size-medium\" alt=\"\" srcset=\"https:\/\/benitezt.com\/wp-content\/uploads\/2021\/06\/Foto-Web-Rosy--300x300.jpg 300w, https:\/\/benitezt.com\/wp-content\/uploads\/2021\/06\/Foto-Web-Rosy--1024x1024.jpg 1024w, https:\/\/benitezt.com\/wp-content\/uploads\/2021\/06\/Foto-Web-Rosy--150x150.jpg 150w, https:\/\/benitezt.com\/wp-content\/uploads\/2021\/06\/Foto-Web-Rosy--200x200.jpg 200w, https:\/\/benitezt.com\/wp-content\/uploads\/2021\/06\/Foto-Web-Rosy--400x400.jpg 400w, https:\/\/benitezt.com\/wp-content\/uploads\/2021\/06\/Foto-Web-Rosy--500x500.jpg 500w, https:\/\/benitezt.com\/wp-content\/uploads\/2021\/06\/Foto-Web-Rosy--600x600.jpg 600w, https:\/\/benitezt.com\/wp-content\/uploads\/2021\/06\/Foto-Web-Rosy--800x800.jpg 800w, https:\/\/benitezt.com\/wp-content\/uploads\/2021\/06\/Foto-Web-Rosy--350x350.jpg 350w\" sizes=\"(max-width: 300px) 100vw, 300px\" \/><\/div><div class=\"w-person-content\"><h4 itemprop=\"name\" class=\"w-person-name\"><span>Mar\u00eda Rosa Espinosa Su\u00e1rez<\/span><\/h4><div class=\"w-person-role\" itemprop=\"jobTitle\">Administrativa<\/div><\/div><\/div><div class=\"w-person layout_trendy\" itemscope itemtype=\"https:\/\/schema.org\/Person\"><div class=\"w-person-image\"><img decoding=\"async\" width=\"300\" height=\"300\" src=\"https:\/\/benitezt.com\/wp-content\/uploads\/2021\/06\/Foto-Web-Cristina-300x300.jpg\" class=\"attachment-medium size-medium\" alt=\"\" srcset=\"https:\/\/benitezt.com\/wp-content\/uploads\/2021\/06\/Foto-Web-Cristina-300x300.jpg 300w, https:\/\/benitezt.com\/wp-content\/uploads\/2021\/06\/Foto-Web-Cristina-1024x1024.jpg 1024w, https:\/\/benitezt.com\/wp-content\/uploads\/2021\/06\/Foto-Web-Cristina-150x150.jpg 150w, https:\/\/benitezt.com\/wp-content\/uploads\/2021\/06\/Foto-Web-Cristina-200x200.jpg 200w, https:\/\/benitezt.com\/wp-content\/uploads\/2021\/06\/Foto-Web-Cristina-400x400.jpg 400w, https:\/\/benitezt.com\/wp-content\/uploads\/2021\/06\/Foto-Web-Cristina-500x500.jpg 500w, https:\/\/benitezt.com\/wp-content\/uploads\/2021\/06\/Foto-Web-Cristina-600x600.jpg 600w, https:\/\/benitezt.com\/wp-content\/uploads\/2021\/06\/Foto-Web-Cristina-800x800.jpg 800w, https:\/\/benitezt.com\/wp-content\/uploads\/2021\/06\/Foto-Web-Cristina-350x350.jpg 350w\" sizes=\"(max-width: 300px) 100vw, 300px\" \/><\/div><div class=\"w-person-content\"><h4 itemprop=\"name\" class=\"w-person-name\"><span>Ana Cristina L\u00f3pez Santana<\/span><\/h4><div class=\"w-person-role\" itemprop=\"jobTitle\">Contable<\/div><\/div><\/div><div class=\"w-person layout_trendy\" itemscope itemtype=\"https:\/\/schema.org\/Person\"><div class=\"w-person-image\"><img decoding=\"async\" width=\"300\" height=\"300\" src=\"https:\/\/benitezt.com\/wp-content\/uploads\/2021\/06\/Foto-Web-Elena-1-300x300.jpg\" class=\"attachment-medium size-medium\" alt=\"\" srcset=\"https:\/\/benitezt.com\/wp-content\/uploads\/2021\/06\/Foto-Web-Elena-1-300x300.jpg 300w, https:\/\/benitezt.com\/wp-content\/uploads\/2021\/06\/Foto-Web-Elena-1-1024x1024.jpg 1024w, https:\/\/benitezt.com\/wp-content\/uploads\/2021\/06\/Foto-Web-Elena-1-150x150.jpg 150w, https:\/\/benitezt.com\/wp-content\/uploads\/2021\/06\/Foto-Web-Elena-1-200x200.jpg 200w, https:\/\/benitezt.com\/wp-content\/uploads\/2021\/06\/Foto-Web-Elena-1-400x400.jpg 400w, https:\/\/benitezt.com\/wp-content\/uploads\/2021\/06\/Foto-Web-Elena-1-500x500.jpg 500w, https:\/\/benitezt.com\/wp-content\/uploads\/2021\/06\/Foto-Web-Elena-1-600x600.jpg 600w, https:\/\/benitezt.com\/wp-content\/uploads\/2021\/06\/Foto-Web-Elena-1-800x800.jpg 800w, https:\/\/benitezt.com\/wp-content\/uploads\/2021\/06\/Foto-Web-Elena-1-350x350.jpg 350w\" sizes=\"(max-width: 300px) 100vw, 300px\" \/><\/div><div class=\"w-person-content\"><h4 itemprop=\"name\" class=\"w-person-name\"><span>Mar\u00eda Elena Espinosa Su\u00e1rez<\/span><\/h4><div class=\"w-person-role\" itemprop=\"jobTitle\">Socia y Economista<\/div><\/div><\/div><\/div><\/div><\/div><\/div><\/div><\/div><\/section><section class=\"l-section wpb_row us_custom_6929da81 has_text_color height_medium\" id=\"contacto\"><div class=\"l-section-h i-cf\"><div class=\"g-cols vc_row via_flex valign_top type_default stacking_default\"><div class=\"vc_col-sm-6 wpb_column vc_column_container\"><div class=\"vc_column-inner\"><div class=\"wpb_wrapper\"><div class=\"wpb_text_column\"><div class=\"wpb_wrapper\"><p style=\"text-align: center;\"><span style=\"font-size: 24pt;\"><strong>CONTACTA CON NOSOTROS<\/strong><\/span><\/p>\n<\/div><\/div><div class=\"w-iconbox iconpos_left style_default color_primary align_left no_text\"><a target=\"_blank\" href=\"https:\/\/goo.gl\/maps\/yXUhnxDRV6CPksyz5\" rel=\"noopener\" class=\"w-iconbox-link\" aria-label=\"Arguinegu\u00edn, en el Municipio de Mog\u00e1n, calle La Lajilla n\u00ba 5, primera planta, C.P. 35120, provincia de Las Palmas .\"><div class=\"w-iconbox-icon\" style=\"font-size:16px;\"><i class=\"fal fa-map-marker-alt\"><\/i><\/div><\/a><div class=\"w-iconbox-meta\"><a target=\"_blank\" href=\"https:\/\/goo.gl\/maps\/yXUhnxDRV6CPksyz5\" rel=\"noopener\" class=\"w-iconbox-link\" aria-label=\"Arguinegu\u00edn, en el Municipio de Mog\u00e1n, calle La Lajilla n\u00ba 5, primera planta, C.P. 35120, provincia de Las Palmas .\"><h6 class=\"w-iconbox-title\" style=\"font-size:16px;\">Arguinegu\u00edn, en el Municipio de Mog\u00e1n, calle La Lajilla n\u00ba 5, primera planta, C.P. 35120, provincia de Las Palmas .<\/h6><\/a><\/div><\/div><div class=\"w-separator size_medium\"><\/div><div class=\"w-iconbox iconpos_left style_default color_primary align_left no_text\"><div class=\"w-iconbox-icon\" style=\"font-size:16px;\"><i class=\"fal fa-phone\"><\/i><\/div><div class=\"w-iconbox-meta\"><h6 class=\"w-iconbox-title\" style=\"font-size:16px;\">+34 928 736 657<\/h6><\/div><\/div><div class=\"w-separator size_medium\"><\/div><div class=\"w-iconbox iconpos_left style_default color_primary align_left no_text\"><div class=\"w-iconbox-icon\" style=\"font-size:16px;\"><i class=\"fal fa-fax\"><\/i><\/div><div class=\"w-iconbox-meta\"><h6 class=\"w-iconbox-title\" style=\"font-size:16px;\">+34 928 150 067<\/h6><\/div><\/div><div class=\"w-separator size_medium\"><\/div><div class=\"w-iconbox iconpos_left style_default color_primary align_left no_text\"><div class=\"w-iconbox-icon\" style=\"font-size:16px;\"><i class=\"fal fa-envelope\"><\/i><\/div><div class=\"w-iconbox-meta\"><h6 class=\"w-iconbox-title\" style=\"font-size:16px;\">info@benitezt.com<\/h6><\/div><\/div><\/div><\/div><\/div><div class=\"vc_col-sm-6 wpb_column vc_column_container\"><div class=\"vc_column-inner\"><div class=\"wpb_wrapper\">\n<div class=\"wpcf7 no-js\" id=\"wpcf7-f77-o1\" lang=\"es-ES\" dir=\"ltr\">\n<div class=\"screen-reader-response\"><p role=\"status\" aria-live=\"polite\" aria-atomic=\"true\"><\/p> <ul><\/ul><\/div>\n<form action=\"\/index.php?rest_route=%2Fwp%2Fv2%2Fpages%2F18#wpcf7-f77-o1\" method=\"post\" class=\"wpcf7-form init\" aria-label=\"Formulario de contacto\" novalidate=\"novalidate\" data-status=\"init\">\n<div style=\"display: none;\">\n<input type=\"hidden\" name=\"_wpcf7\" value=\"77\" \/>\n<input type=\"hidden\" name=\"_wpcf7_version\" value=\"5.7.6\" \/>\n<input type=\"hidden\" name=\"_wpcf7_locale\" value=\"es_ES\" \/>\n<input type=\"hidden\" name=\"_wpcf7_unit_tag\" value=\"wpcf7-f77-o1\" \/>\n<input type=\"hidden\" name=\"_wpcf7_container_post\" value=\"0\" \/>\n<input type=\"hidden\" name=\"_wpcf7_posted_data_hash\" value=\"\" \/>\n<\/div>\n<font color=\"#ffffff\" size=\"4\">\n\t<font face=\"arial,verdana\">\n\t\t<p><label> Tu nombre<br \/>\n<span class=\"wpcf7-form-control-wrap\" data-name=\"your-name\"><input size=\"40\" class=\"wpcf7-form-control wpcf7-text wpcf7-validates-as-required\" aria-required=\"true\" aria-invalid=\"false\" value=\"\" type=\"text\" name=\"your-name\" \/><\/span> <\/label>\n\t\t<\/p>\n\t\t<p><label> Tu correo electr\u00f3nico<br \/>\n<span class=\"wpcf7-form-control-wrap\" data-name=\"your-email\"><input size=\"40\" class=\"wpcf7-form-control wpcf7-text wpcf7-email wpcf7-validates-as-required wpcf7-validates-as-email\" aria-required=\"true\" aria-invalid=\"false\" value=\"\" type=\"email\" name=\"your-email\" \/><\/span> <\/label>\n\t\t<\/p>\n\t\t<p><label> Tu mensaje<br \/>\n<span class=\"wpcf7-form-control-wrap\" data-name=\"your-message\"><textarea cols=\"40\" rows=\"10\" class=\"wpcf7-form-control wpcf7-textarea\" aria-invalid=\"false\" name=\"your-message\"><\/textarea><\/span> <\/label>\n\t\t<\/p>\n\t\t<p><span class=\"wpcf7-form-control-wrap\" data-name=\"acceptance-151\"><span class=\"wpcf7-form-control wpcf7-acceptance\"><span class=\"wpcf7-list-item\"><input type=\"checkbox\" name=\"acceptance-151\" value=\"1\" aria-invalid=\"false\" \/><\/span><\/span><\/span>He le\u00eddo y acepto la cl\u00e1usula en protecci\u00f3n de datos y la pol\u00edtica de privacidad.\n\t\t<\/p>\n\t<\/font>\n\t<p><input class=\"wpcf7-form-control has-spinner wpcf7-submit\" type=\"submit\" value=\"Enviar\" \/>\n\t<\/p>\n<\/font><div class=\"wpcf7-response-output\" aria-hidden=\"true\"><\/div>\n<\/form>\n<\/div>\n<\/div><\/div><\/div><\/div><\/div><\/section>\n","protected":false},"excerpt":{"rendered":"BENITEZ &amp; THORBJORNSEN, S.L. ASESOR\u00cdA FISCAL Y CONTABLE \u00abTenemos el mejor clima para su negocio\u00bb Nuestros servicios: Asesor\u00eda Fiscal Contabilidad de sociedades y aut\u00f3nomos Recursos y reclamaciones econ\u00f3mico administrativa Inspecciones fiscales Herencias y liquidaci\u00f3n ante JExt de las mismas Asesor\u00eda Mercantil Concurso de Acreedores y Auditor\u00edas Subvenciones de todo tipo Implantaci\u00f3n de normas de calidad...","protected":false},"author":1,"featured_media":0,"parent":0,"menu_order":0,"comment_status":"closed","ping_status":"closed","template":"","meta":{"footnotes":""},"class_list":["post-18","page","type-page","status-publish","hentry"],"_links":{"self":[{"href":"https:\/\/benitezt.com\/index.php?rest_route=\/wp\/v2\/pages\/18","targetHints":{"allow":["GET"]}}],"collection":[{"href":"https:\/\/benitezt.com\/index.php?rest_route=\/wp\/v2\/pages"}],"about":[{"href":"https:\/\/benitezt.com\/index.php?rest_route=\/wp\/v2\/types\/page"}],"author":[{"embeddable":true,"href":"https:\/\/benitezt.com\/index.php?rest_route=\/wp\/v2\/users\/1"}],"replies":[{"embeddable":true,"href":"https:\/\/benitezt.com\/index.php?rest_route=%2Fwp%2Fv2%2Fcomments&post=18"}],"version-history":[{"count":109,"href":"https:\/\/benitezt.com\/index.php?rest_route=\/wp\/v2\/pages\/18\/revisions"}],"predecessor-version":[{"id":194,"href":"https:\/\/benitezt.com\/index.php?rest_route=\/wp\/v2\/pages\/18\/revisions\/194"}],"wp:attachment":[{"href":"https:\/\/benitezt.com\/index.php?rest_route=%2Fwp%2Fv2%2Fmedia&parent=18"}],"curies":[{"name":"wp","href":"https:\/\/api.w.org\/{rel}","templated":true}]}}